{"id":100,"date":"2021-11-09T14:08:55","date_gmt":"2021-11-09T13:08:55","guid":{"rendered":"https:\/\/www.i4m.ch\/prix\/"},"modified":"2024-12-10T20:11:57","modified_gmt":"2024-12-10T19:11:57","slug":"competitive-rates-pricing-it-company","status":"publish","type":"page","link":"https:\/\/i4m.ch\/en\/competitive-rates-pricing-it-company\/","title":{"rendered":"Pricing"},"content":{"rendered":"<p><strong>We provide a clear and accurate invoice. Our work will never be completed until you are completely satisfied.<\/strong><\/p>\n","protected":false},"excerpt":{"rendered":"<p>We provide a clear and accurate invoice. Our work will never be completed until you are completely satisfied.<\/p>\n","protected":false},"author":3,"featured_media":271,"parent":0,"menu_order":0,"comment_status":"closed","ping_status":"closed","template":"page-price.php","meta":{"_acf_changed":false,"footnotes":""},"class_list":["post-100","page","type-page","status-publish","has-post-thumbnail","hentry"],"acf":[],"yoast_head":"<!-- This site is optimized with the Yoast SEO Premium plugin v27.5 (Yoast SEO v27.5) - https:\/\/yoast.com\/product\/yoast-seo-premium-wordpress\/ -->\n<title>The Competitive Pricing of i4M, an IT Company Based in Geneva.<\/title>\n<meta name=\"description\" content=\"Discover our competitive rates for quality work. Our goal is to ensure your complete satisfaction with clear and accurate invoicing. i4M services informatiques S\u00e0rl.\" \/>\n<meta name=\"robots\" content=\"index, follow, max-snippet:-1, max-image-preview:large, max-video-preview:-1\" \/>\n<link rel=\"canonical\" href=\"https:\/\/i4m.ch\/en\/competitive-rates-pricing-it-company\/\" \/>\n<meta property=\"og:locale\" content=\"en_US\" \/>\n<meta property=\"og:type\" content=\"article\" \/>\n<meta property=\"og:title\" content=\"Pricing\" \/>\n<meta property=\"og:description\" content=\"Discover our competitive rates for quality work. Our goal is to ensure your complete satisfaction with clear and accurate invoicing. i4M services informatiques S\u00e0rl.\" \/>\n<meta property=\"og:url\" content=\"https:\/\/i4m.ch\/en\/competitive-rates-pricing-it-company\/\" \/>\n<meta property=\"og:site_name\" content=\"i4m Services Informatiques S\u00e0rl\" \/>\n<meta property=\"article:modified_time\" content=\"2024-12-10T19:11:57+00:00\" \/>\n<meta property=\"og:image\" content=\"https:\/\/i4m.ch\/wp-content\/uploads\/2021\/11\/tarifs-1-1.jpg\" \/>\n\t<meta property=\"og:image:width\" content=\"1900\" \/>\n\t<meta property=\"og:image:height\" content=\"674\" \/>\n\t<meta property=\"og:image:type\" content=\"image\/jpeg\" \/>\n<meta name=\"twitter:card\" content=\"summary_large_image\" \/>\n<meta name=\"twitter:label1\" content=\"Est. reading time\" \/>\n\t<meta name=\"twitter:data1\" content=\"1 minute\" \/>\n<script type=\"application\/ld+json\" class=\"yoast-schema-graph\">{\"@context\":\"https:\\\/\\\/schema.org\",\"@graph\":[{\"@type\":\"WebPage\",\"@id\":\"https:\\\/\\\/i4m.ch\\\/en\\\/competitive-rates-pricing-it-company\\\/\",\"url\":\"https:\\\/\\\/i4m.ch\\\/en\\\/competitive-rates-pricing-it-company\\\/\",\"name\":\"The Competitive Pricing of i4M, an IT Company Based in Geneva.\",\"isPartOf\":{\"@id\":\"https:\\\/\\\/i4m.ch\\\/en\\\/#website\"},\"primaryImageOfPage\":{\"@id\":\"https:\\\/\\\/i4m.ch\\\/en\\\/competitive-rates-pricing-it-company\\\/#primaryimage\"},\"image\":{\"@id\":\"https:\\\/\\\/i4m.ch\\\/en\\\/competitive-rates-pricing-it-company\\\/#primaryimage\"},\"thumbnailUrl\":\"https:\\\/\\\/i4m.ch\\\/wp-content\\\/uploads\\\/2021\\\/11\\\/tarifs-1-1.jpg\",\"datePublished\":\"2021-11-09T13:08:55+00:00\",\"dateModified\":\"2024-12-10T19:11:57+00:00\",\"description\":\"Discover our competitive rates for quality work. Our goal is to ensure your complete satisfaction with clear and accurate invoicing. i4M services informatiques S\u00e0rl.\",\"breadcrumb\":{\"@id\":\"https:\\\/\\\/i4m.ch\\\/en\\\/competitive-rates-pricing-it-company\\\/#breadcrumb\"},\"inLanguage\":\"en-US\",\"potentialAction\":[{\"@type\":\"ReadAction\",\"target\":[\"https:\\\/\\\/i4m.ch\\\/en\\\/competitive-rates-pricing-it-company\\\/\"]}]},{\"@type\":\"ImageObject\",\"inLanguage\":\"en-US\",\"@id\":\"https:\\\/\\\/i4m.ch\\\/en\\\/competitive-rates-pricing-it-company\\\/#primaryimage\",\"url\":\"https:\\\/\\\/i4m.ch\\\/wp-content\\\/uploads\\\/2021\\\/11\\\/tarifs-1-1.jpg\",\"contentUrl\":\"https:\\\/\\\/i4m.ch\\\/wp-content\\\/uploads\\\/2021\\\/11\\\/tarifs-1-1.jpg\",\"width\":1900,\"height\":674,\"caption\":\"Deux personnes travaillent ensemble sur un bureau avec des ordinateurs portables et des documents. Elles semblent concentr\u00e9es sur une t\u00e2che, l'une d'elles tenant un stylo.\"},{\"@type\":\"BreadcrumbList\",\"@id\":\"https:\\\/\\\/i4m.ch\\\/en\\\/competitive-rates-pricing-it-company\\\/#breadcrumb\",\"itemListElement\":[{\"@type\":\"ListItem\",\"position\":1,\"name\":\"Accueil\",\"item\":\"https:\\\/\\\/i4m.ch\\\/en\\\/\"},{\"@type\":\"ListItem\",\"position\":2,\"name\":\"Pricing\"}]},{\"@type\":\"WebSite\",\"@id\":\"https:\\\/\\\/i4m.ch\\\/en\\\/#website\",\"url\":\"https:\\\/\\\/i4m.ch\\\/en\\\/\",\"name\":\"i4m Services Informatiques S\u00e0rl\",\"description\":\"Le site web de la meilleure entreprise informatique \u00e0 Gen\u00e8ve, Suisse\",\"publisher\":{\"@id\":\"https:\\\/\\\/i4m.ch\\\/en\\\/#organization\"},\"alternateName\":\"Entreprise d'informatique \u00e0 Gen\u00e8ve\",\"potentialAction\":[{\"@type\":\"SearchAction\",\"target\":{\"@type\":\"EntryPoint\",\"urlTemplate\":\"https:\\\/\\\/i4m.ch\\\/en\\\/?s={search_term_string}\"},\"query-input\":{\"@type\":\"PropertyValueSpecification\",\"valueRequired\":true,\"valueName\":\"search_term_string\"}}],\"inLanguage\":\"en-US\"},{\"@type\":[\"Organization\",\"Place\",\"ProfessionalService\"],\"@id\":\"https:\\\/\\\/i4m.ch\\\/en\\\/#organization\",\"name\":\"i4M Services Informatiques S\u00e0rl\",\"alternateName\":\"i4M\",\"url\":\"https:\\\/\\\/i4m.ch\\\/en\\\/\",\"logo\":{\"@id\":\"https:\\\/\\\/i4m.ch\\\/en\\\/competitive-rates-pricing-it-company\\\/#local-main-organization-logo\"},\"image\":{\"@id\":\"https:\\\/\\\/i4m.ch\\\/en\\\/competitive-rates-pricing-it-company\\\/#local-main-organization-logo\"},\"sameAs\":[\"https:\\\/\\\/www.linkedin.com\\\/company\\\/i4m-gve\\\/\",\"https:\\\/\\\/g.page\\\/r\\\/CScDZvnjDgt2EAE\"],\"description\":\"i4M Services Informatiques S\u00e0rl est une soci\u00e9t\u00e9 informatique bas\u00e9e \u00e0 Gen\u00e8ve, sp\u00e9cialis\u00e9e dans les services IT pour PME, ind\u00e9pendants et entreprises : infog\u00e9rance, gestion de parc informatique, support utilisateurs, audit IT, cybers\u00e9curit\u00e9, Microsoft 365, infrastructure r\u00e9seau et externalisation informatique. i4M Services Informatiques S\u00e0rl op\u00e8re \u00e9galement la marque commerciale D\u00e9pannage Informatique Gen\u00e8ve destin\u00e9e aux particuliers et ind\u00e9pendants.\",\"legalName\":\"i4M Services Informatiques S\u00e0rl\",\"foundingDate\":\"2020-12-22\",\"numberOfEmployees\":{\"@type\":\"QuantitativeValue\",\"minValue\":\"1\",\"maxValue\":\"10\"},\"address\":{\"@id\":\"https:\\\/\\\/i4m.ch\\\/en\\\/competitive-rates-pricing-it-company\\\/#local-main-place-address\"},\"geo\":{\"@type\":\"GeoCoordinates\",\"latitude\":46.20465929213164,\"longitude\":6.144898700000001},\"telephone\":[\"+41-22-436-86-81\",\"+41-79-848-10-10\"],\"contactPoint\":{\"@type\":\"ContactPoint\",\"telephone\":\"+41-22-436-86-81\",\"email\":\"info@i4m.ch\",\"contactType\":\"customer service\",\"availableLanguage\":[\"fr\",\"en\",\"es\",\"it\"]},\"openingHoursSpecification\":[{\"@type\":\"OpeningHoursSpecification\",\"dayOfWeek\":[\"Monday\",\"Tuesday\",\"Wednesday\",\"Thursday\",\"Friday\"],\"opens\":\"08:00\",\"closes\":\"19:00\"}],\"email\":\"info@i4m.ch\",\"areaServed\":\"Canton de Gen\u00e8ve\",\"vatID\":\"CHE-325.495.659\",\"priceRange\":\"$$\",\"currenciesAccepted\":\"CHF\",\"paymentAccepted\":\"Cash, Credit Card, TWINT, Invoice\",\"taxID\":\"CHE-325.495.659\",\"subOrganization\":{\"@id\":\"https:\\\/\\\/depannageinformatique.ch\\\/#localbusiness\"},\"brand\":{\"@id\":\"https:\\\/\\\/depannageinformatique.ch\\\/#brand\"}},{\"@type\":\"PostalAddress\",\"@id\":\"https:\\\/\\\/i4m.ch\\\/en\\\/competitive-rates-pricing-it-company\\\/#local-main-place-address\",\"streetAddress\":\"Rue du Commerce 4\",\"addressLocality\":\"Gen\u00e8ve\",\"postalCode\":\"1204\",\"addressCountry\":\"CH\"},{\"@type\":\"ImageObject\",\"inLanguage\":\"en-US\",\"@id\":\"https:\\\/\\\/i4m.ch\\\/en\\\/competitive-rates-pricing-it-company\\\/#local-main-organization-logo\",\"url\":\"https:\\\/\\\/i4m.ch\\\/wp-content\\\/uploads\\\/2024\\\/08\\\/logo-1.webp\",\"contentUrl\":\"https:\\\/\\\/i4m.ch\\\/wp-content\\\/uploads\\\/2024\\\/08\\\/logo-1.webp\",\"width\":1000,\"height\":288,\"caption\":\"i4m Services Informatiques S\u00e0rl\"},{\"@type\":\"Brand\",\"@id\":\"https:\\\/\\\/depannageinformatique.ch\\\/#brand\",\"name\":\"D\u00e9pannage Informatique Gen\u00e8ve\",\"alternateName\":\"DIG\",\"logo\":\"https:\\\/\\\/depannageinformatique.ch\\\/wp-content\\\/uploads\\\/2025\\\/09\\\/D\u00e9pannage-Informatique-Gen\u00e8ve-i4m-logo.webp\"},{\"@type\":[\"LocalBusiness\",\"ProfessionalService\"],\"@id\":\"https:\\\/\\\/depannageinformatique.ch\\\/#localbusiness\",\"name\":\"D\u00e9pannage Informatique Gen\u00e8ve\",\"alternateName\":\"DIG\",\"description\":\"D\u00e9pannage Informatique Gen\u00e8ve est la marque commerciale destin\u00e9e aux particuliers et ind\u00e9pendants de la soci\u00e9t\u00e9 i4M Services Informatiques S\u00e0rl, constitu\u00e9e le 22 d\u00e9cembre 2020 et inscrite au Registre du commerce du canton de Gen\u00e8ve (CHE-325.495.659). D\u00e9pannage informatique \u00e0 domicile et en atelier (Rue du Commerce 4, 1204 Gen\u00e8ve) : PC\\\/Mac, r\u00e9seaux Wi-Fi, Microsoft 365, sauvegardes\\\/NAS, s\u00e9curit\u00e9 informatique.\",\"url\":\"https:\\\/\\\/depannageinformatique.ch\",\"logo\":\"https:\\\/\\\/depannageinformatique.ch\\\/wp-content\\\/uploads\\\/2025\\\/09\\\/D\u00e9pannage-Informatique-Gen\u00e8ve-i4m-logo.webp\",\"image\":\"https:\\\/\\\/depannageinformatique.ch\\\/wp-content\\\/uploads\\\/2025\\\/04\\\/blue-cloud-electronics-depannage-text.webp\",\"telephone\":\"+41-79-868-50-50\",\"email\":\"info@depannageinformatique.ch\",\"priceRange\":\"CHF 60-150\",\"currenciesAccepted\":\"CHF\",\"paymentAccepted\":\"Cash, Credit Card, TWINT, Invoice\",\"address\":{\"@type\":\"PostalAddress\",\"streetAddress\":\"Rue du Commerce 4\",\"addressLocality\":\"Gen\u00e8ve\",\"postalCode\":\"1204\",\"addressRegion\":\"GE\",\"addressCountry\":\"CH\"},\"geo\":{\"@type\":\"GeoCoordinates\",\"latitude\":46.20465929213164,\"longitude\":6.144898700000001},\"openingHoursSpecification\":[{\"@type\":\"OpeningHoursSpecification\",\"dayOfWeek\":[\"Monday\",\"Tuesday\",\"Wednesday\",\"Thursday\",\"Friday\"],\"opens\":\"08:00\",\"closes\":\"19:00\"}],\"areaServed\":[{\"@type\":\"City\",\"name\":\"Gen\u00e8ve\"},{\"@type\":\"City\",\"name\":\"Vernier\"},{\"@type\":\"City\",\"name\":\"Lancy\"},{\"@type\":\"City\",\"name\":\"Carouge\"},{\"@type\":\"City\",\"name\":\"Meyrin\"},{\"@type\":\"City\",\"name\":\"Onex\"},{\"@type\":\"City\",\"name\":\"Th\u00f4nex\"},{\"@type\":\"City\",\"name\":\"Versoix\"},{\"@type\":\"City\",\"name\":\"Le Grand-Saconnex\"},{\"@type\":\"City\",\"name\":\"Ch\u00eane-Bougeries\"},{\"@type\":\"City\",\"name\":\"Veyrier\"},{\"@type\":\"City\",\"name\":\"Plan-les-Ouates\"},{\"@type\":\"City\",\"name\":\"Bernex\"},{\"@type\":\"AdministrativeArea\",\"name\":\"Canton de Gen\u00e8ve\"}],\"parentOrganization\":{\"@id\":\"https:\\\/\\\/i4m.ch\\\/#organization\"},\"brand\":{\"@id\":\"https:\\\/\\\/depannageinformatique.ch\\\/#brand\"},\"sameAs\":[\"https:\\\/\\\/www.linkedin.com\\\/company\\\/18311498\",\"https:\\\/\\\/www.facebook.com\\\/depannageinformatiquegeneve\",\"https:\\\/\\\/g.page\\\/r\\\/CQ2G6Ryxp7v-EAE\"]}]}<\/script>\n<meta name=\"geo.placename\" content=\"Gen\u00e8ve\" \/>\n<meta name=\"geo.position\" content=\"46.20465929213164;6.144898700000001\" \/>\n<meta name=\"geo.region\" content=\"Switzerland\" \/>\n<!-- \/ Yoast SEO Premium plugin. -->","yoast_head_json":{"title":"The Competitive Pricing of i4M, an IT Company Based in Geneva.","description":"Discover our competitive rates for quality work. Our goal is to ensure your complete satisfaction with clear and accurate invoicing. i4M services informatiques S\u00e0rl.","robots":{"index":"index","follow":"follow","max-snippet":"max-snippet:-1","max-image-preview":"max-image-preview:large","max-video-preview":"max-video-preview:-1"},"canonical":"https:\/\/i4m.ch\/en\/competitive-rates-pricing-it-company\/","og_locale":"en_US","og_type":"article","og_title":"Pricing","og_description":"Discover our competitive rates for quality work. Our goal is to ensure your complete satisfaction with clear and accurate invoicing. i4M services informatiques S\u00e0rl.","og_url":"https:\/\/i4m.ch\/en\/competitive-rates-pricing-it-company\/","og_site_name":"i4m Services Informatiques S\u00e0rl","article_modified_time":"2024-12-10T19:11:57+00:00","og_image":[{"width":1900,"height":674,"url":"https:\/\/i4m.ch\/wp-content\/uploads\/2021\/11\/tarifs-1-1.jpg","type":"image\/jpeg"}],"twitter_card":"summary_large_image","twitter_misc":{"Est. reading time":"1 minute"},"schema":{"@context":"https:\/\/schema.org","@graph":[{"@type":"WebPage","@id":"https:\/\/i4m.ch\/en\/competitive-rates-pricing-it-company\/","url":"https:\/\/i4m.ch\/en\/competitive-rates-pricing-it-company\/","name":"The Competitive Pricing of i4M, an IT Company Based in Geneva.","isPartOf":{"@id":"https:\/\/i4m.ch\/en\/#website"},"primaryImageOfPage":{"@id":"https:\/\/i4m.ch\/en\/competitive-rates-pricing-it-company\/#primaryimage"},"image":{"@id":"https:\/\/i4m.ch\/en\/competitive-rates-pricing-it-company\/#primaryimage"},"thumbnailUrl":"https:\/\/i4m.ch\/wp-content\/uploads\/2021\/11\/tarifs-1-1.jpg","datePublished":"2021-11-09T13:08:55+00:00","dateModified":"2024-12-10T19:11:57+00:00","description":"Discover our competitive rates for quality work. Our goal is to ensure your complete satisfaction with clear and accurate invoicing. i4M services informatiques S\u00e0rl.","breadcrumb":{"@id":"https:\/\/i4m.ch\/en\/competitive-rates-pricing-it-company\/#breadcrumb"},"inLanguage":"en-US","potentialAction":[{"@type":"ReadAction","target":["https:\/\/i4m.ch\/en\/competitive-rates-pricing-it-company\/"]}]},{"@type":"ImageObject","inLanguage":"en-US","@id":"https:\/\/i4m.ch\/en\/competitive-rates-pricing-it-company\/#primaryimage","url":"https:\/\/i4m.ch\/wp-content\/uploads\/2021\/11\/tarifs-1-1.jpg","contentUrl":"https:\/\/i4m.ch\/wp-content\/uploads\/2021\/11\/tarifs-1-1.jpg","width":1900,"height":674,"caption":"Deux personnes travaillent ensemble sur un bureau avec des ordinateurs portables et des documents. Elles semblent concentr\u00e9es sur une t\u00e2che, l'une d'elles tenant un stylo."},{"@type":"BreadcrumbList","@id":"https:\/\/i4m.ch\/en\/competitive-rates-pricing-it-company\/#breadcrumb","itemListElement":[{"@type":"ListItem","position":1,"name":"Accueil","item":"https:\/\/i4m.ch\/en\/"},{"@type":"ListItem","position":2,"name":"Pricing"}]},{"@type":"WebSite","@id":"https:\/\/i4m.ch\/en\/#website","url":"https:\/\/i4m.ch\/en\/","name":"i4m Services Informatiques S\u00e0rl","description":"Le site web de la meilleure entreprise informatique \u00e0 Gen\u00e8ve, Suisse","publisher":{"@id":"https:\/\/i4m.ch\/en\/#organization"},"alternateName":"Entreprise d'informatique \u00e0 Gen\u00e8ve","potentialAction":[{"@type":"SearchAction","target":{"@type":"EntryPoint","urlTemplate":"https:\/\/i4m.ch\/en\/?s={search_term_string}"},"query-input":{"@type":"PropertyValueSpecification","valueRequired":true,"valueName":"search_term_string"}}],"inLanguage":"en-US"},{"@type":["Organization","Place","ProfessionalService"],"@id":"https:\/\/i4m.ch\/en\/#organization","name":"i4M Services Informatiques S\u00e0rl","alternateName":"i4M","url":"https:\/\/i4m.ch\/en\/","logo":{"@id":"https:\/\/i4m.ch\/en\/competitive-rates-pricing-it-company\/#local-main-organization-logo"},"image":{"@id":"https:\/\/i4m.ch\/en\/competitive-rates-pricing-it-company\/#local-main-organization-logo"},"sameAs":["https:\/\/www.linkedin.com\/company\/i4m-gve\/","https:\/\/g.page\/r\/CScDZvnjDgt2EAE"],"description":"i4M Services Informatiques S\u00e0rl est une soci\u00e9t\u00e9 informatique bas\u00e9e \u00e0 Gen\u00e8ve, sp\u00e9cialis\u00e9e dans les services IT pour PME, ind\u00e9pendants et entreprises : infog\u00e9rance, gestion de parc informatique, support utilisateurs, audit IT, cybers\u00e9curit\u00e9, Microsoft 365, infrastructure r\u00e9seau et externalisation informatique. i4M Services Informatiques S\u00e0rl op\u00e8re \u00e9galement la marque commerciale D\u00e9pannage Informatique Gen\u00e8ve destin\u00e9e aux particuliers et ind\u00e9pendants.","legalName":"i4M Services Informatiques S\u00e0rl","foundingDate":"2020-12-22","numberOfEmployees":{"@type":"QuantitativeValue","minValue":"1","maxValue":"10"},"address":{"@id":"https:\/\/i4m.ch\/en\/competitive-rates-pricing-it-company\/#local-main-place-address"},"geo":{"@type":"GeoCoordinates","latitude":46.20465929213164,"longitude":6.144898700000001},"telephone":["+41-22-436-86-81","+41-79-848-10-10"],"contactPoint":{"@type":"ContactPoint","telephone":"+41-22-436-86-81","email":"info@i4m.ch","contactType":"customer service","availableLanguage":["fr","en","es","it"]},"openingHoursSpecification":[{"@type":"OpeningHoursSpecification","dayOfWeek":["Monday","Tuesday","Wednesday","Thursday","Friday"],"opens":"08:00","closes":"19:00"}],"email":"info@i4m.ch","areaServed":"Canton de Gen\u00e8ve","vatID":"CHE-325.495.659","priceRange":"$$","currenciesAccepted":"CHF","paymentAccepted":"Cash, Credit Card, TWINT, Invoice","taxID":"CHE-325.495.659","subOrganization":{"@id":"https:\/\/depannageinformatique.ch\/#localbusiness"},"brand":{"@id":"https:\/\/depannageinformatique.ch\/#brand"}},{"@type":"PostalAddress","@id":"https:\/\/i4m.ch\/en\/competitive-rates-pricing-it-company\/#local-main-place-address","streetAddress":"Rue du Commerce 4","addressLocality":"Gen\u00e8ve","postalCode":"1204","addressCountry":"CH"},{"@type":"ImageObject","inLanguage":"en-US","@id":"https:\/\/i4m.ch\/en\/competitive-rates-pricing-it-company\/#local-main-organization-logo","url":"https:\/\/i4m.ch\/wp-content\/uploads\/2024\/08\/logo-1.webp","contentUrl":"https:\/\/i4m.ch\/wp-content\/uploads\/2024\/08\/logo-1.webp","width":1000,"height":288,"caption":"i4m Services Informatiques S\u00e0rl"},{"@type":"Brand","@id":"https:\/\/depannageinformatique.ch\/#brand","name":"D\u00e9pannage Informatique Gen\u00e8ve","alternateName":"DIG","logo":"https:\/\/depannageinformatique.ch\/wp-content\/uploads\/2025\/09\/D\u00e9pannage-Informatique-Gen\u00e8ve-i4m-logo.webp"},{"@type":["LocalBusiness","ProfessionalService"],"@id":"https:\/\/depannageinformatique.ch\/#localbusiness","name":"D\u00e9pannage Informatique Gen\u00e8ve","alternateName":"DIG","description":"D\u00e9pannage Informatique Gen\u00e8ve est la marque commerciale destin\u00e9e aux particuliers et ind\u00e9pendants de la soci\u00e9t\u00e9 i4M Services Informatiques S\u00e0rl, constitu\u00e9e le 22 d\u00e9cembre 2020 et inscrite au Registre du commerce du canton de Gen\u00e8ve (CHE-325.495.659). D\u00e9pannage informatique \u00e0 domicile et en atelier (Rue du Commerce 4, 1204 Gen\u00e8ve) : PC\/Mac, r\u00e9seaux Wi-Fi, Microsoft 365, sauvegardes\/NAS, s\u00e9curit\u00e9 informatique.","url":"https:\/\/depannageinformatique.ch","logo":"https:\/\/depannageinformatique.ch\/wp-content\/uploads\/2025\/09\/D\u00e9pannage-Informatique-Gen\u00e8ve-i4m-logo.webp","image":"https:\/\/depannageinformatique.ch\/wp-content\/uploads\/2025\/04\/blue-cloud-electronics-depannage-text.webp","telephone":"+41-79-868-50-50","email":"info@depannageinformatique.ch","priceRange":"CHF 60-150","currenciesAccepted":"CHF","paymentAccepted":"Cash, Credit Card, TWINT, Invoice","address":{"@type":"PostalAddress","streetAddress":"Rue du Commerce 4","addressLocality":"Gen\u00e8ve","postalCode":"1204","addressRegion":"GE","addressCountry":"CH"},"geo":{"@type":"GeoCoordinates","latitude":46.20465929213164,"longitude":6.144898700000001},"openingHoursSpecification":[{"@type":"OpeningHoursSpecification","dayOfWeek":["Monday","Tuesday","Wednesday","Thursday","Friday"],"opens":"08:00","closes":"19:00"}],"areaServed":[{"@type":"City","name":"Gen\u00e8ve"},{"@type":"City","name":"Vernier"},{"@type":"City","name":"Lancy"},{"@type":"City","name":"Carouge"},{"@type":"City","name":"Meyrin"},{"@type":"City","name":"Onex"},{"@type":"City","name":"Th\u00f4nex"},{"@type":"City","name":"Versoix"},{"@type":"City","name":"Le Grand-Saconnex"},{"@type":"City","name":"Ch\u00eane-Bougeries"},{"@type":"City","name":"Veyrier"},{"@type":"City","name":"Plan-les-Ouates"},{"@type":"City","name":"Bernex"},{"@type":"AdministrativeArea","name":"Canton de Gen\u00e8ve"}],"parentOrganization":{"@id":"https:\/\/i4m.ch\/#organization"},"brand":{"@id":"https:\/\/depannageinformatique.ch\/#brand"},"sameAs":["https:\/\/www.linkedin.com\/company\/18311498","https:\/\/www.facebook.com\/depannageinformatiquegeneve","https:\/\/g.page\/r\/CQ2G6Ryxp7v-EAE"]}]},"geo.placename":"Gen\u00e8ve","geo.position":{"lat":"46.20465929213164","long":"6.144898700000001"},"geo.region":"Switzerland"},"_links":{"self":[{"href":"https:\/\/i4m.ch\/en\/wp-json\/wp\/v2\/pages\/100","targetHints":{"allow":["GET"]}}],"collection":[{"href":"https:\/\/i4m.ch\/en\/wp-json\/wp\/v2\/pages"}],"about":[{"href":"https:\/\/i4m.ch\/en\/wp-json\/wp\/v2\/types\/page"}],"author":[{"embeddable":true,"href":"https:\/\/i4m.ch\/en\/wp-json\/wp\/v2\/users\/3"}],"replies":[{"embeddable":true,"href":"https:\/\/i4m.ch\/en\/wp-json\/wp\/v2\/comments?post=100"}],"version-history":[{"count":2,"href":"https:\/\/i4m.ch\/en\/wp-json\/wp\/v2\/pages\/100\/revisions"}],"predecessor-version":[{"id":1251,"href":"https:\/\/i4m.ch\/en\/wp-json\/wp\/v2\/pages\/100\/revisions\/1251"}],"wp:featuredmedia":[{"embeddable":true,"href":"https:\/\/i4m.ch\/en\/wp-json\/wp\/v2\/media\/271"}],"wp:attachment":[{"href":"https:\/\/i4m.ch\/en\/wp-json\/wp\/v2\/media?parent=100"}],"curies":[{"name":"wp","href":"https:\/\/api.w.org\/{rel}","templated":true}]}}