{"id":479,"date":"2022-01-19T15:28:03","date_gmt":"2022-01-19T14:28:03","guid":{"rendered":"https:\/\/www.i4m.ch\/support-et-depannage-informatique-pme-geneve\/"},"modified":"2024-08-01T20:18:40","modified_gmt":"2024-08-01T18:18:40","slug":"it-support-computer-troubleshooting-geneva","status":"publish","type":"page","link":"https:\/\/i4m.ch\/en\/it-support-computer-troubleshooting-geneva\/","title":{"rendered":"Computer Troubleshooting"},"content":{"rendered":"","protected":false},"excerpt":{"rendered":"","protected":false},"author":3,"featured_media":0,"parent":0,"menu_order":0,"comment_status":"closed","ping_status":"closed","template":"page-largeheader.php","meta":{"_acf_changed":false,"footnotes":""},"class_list":["post-479","page","type-page","status-publish","hentry"],"acf":[],"yoast_head":"<!-- This site is optimized with the Yoast SEO Premium plugin v26.5 (Yoast SEO v27.3) - https:\/\/yoast.com\/product\/yoast-seo-premium-wordpress\/ -->\n<title>The Best Computer Troubleshooting and IT Support Company<\/title>\n<meta name=\"description\" content=\"Do you need help with IT troubleshooting? Our IT support experts in Geneva will identify and solve the most common problems quickly and efficiently!\" \/>\n<meta name=\"robots\" content=\"index, follow, max-snippet:-1, max-image-preview:large, max-video-preview:-1\" \/>\n<link rel=\"canonical\" href=\"https:\/\/i4m.ch\/en\/it-support-computer-troubleshooting-geneva\/\" \/>\n<meta property=\"og:locale\" content=\"en_US\" \/>\n<meta property=\"og:type\" content=\"article\" \/>\n<meta property=\"og:title\" content=\"Computer Troubleshooting\" \/>\n<meta property=\"og:description\" content=\"Do you need help with IT troubleshooting? Our IT support experts in Geneva will identify and solve the most common problems quickly and efficiently!\" \/>\n<meta property=\"og:url\" content=\"https:\/\/i4m.ch\/en\/it-support-computer-troubleshooting-geneva\/\" \/>\n<meta property=\"og:site_name\" content=\"i4m Services Informatiques S\u00e0rl\" \/>\n<meta property=\"article:modified_time\" content=\"2024-08-01T18:18:40+00:00\" \/>\n<meta property=\"og:image\" content=\"https:\/\/i4m.ch\/wp-content\/uploads\/2024\/08\/Support-Services-Informatiques-pour-PME-a-Geneve-1.webp\" \/>\n\t<meta property=\"og:image:width\" content=\"1568\" \/>\n\t<meta property=\"og:image:height\" content=\"882\" \/>\n\t<meta property=\"og:image:type\" content=\"image\/webp\" \/>\n<meta name=\"twitter:card\" content=\"summary_large_image\" \/>\n<script type=\"application\/ld+json\" class=\"yoast-schema-graph\">{\"@context\":\"https:\\\/\\\/schema.org\",\"@graph\":[{\"@type\":\"WebPage\",\"@id\":\"https:\\\/\\\/i4m.ch\\\/en\\\/it-support-computer-troubleshooting-geneva\\\/\",\"url\":\"https:\\\/\\\/i4m.ch\\\/en\\\/it-support-computer-troubleshooting-geneva\\\/\",\"name\":\"The Best Computer Troubleshooting and IT Support Company\",\"isPartOf\":{\"@id\":\"https:\\\/\\\/i4m.ch\\\/en\\\/#website\"},\"datePublished\":\"2022-01-19T14:28:03+00:00\",\"dateModified\":\"2024-08-01T18:18:40+00:00\",\"description\":\"Do you need help with IT troubleshooting? Our IT support experts in Geneva will identify and solve the most common problems quickly and efficiently!\",\"breadcrumb\":{\"@id\":\"https:\\\/\\\/i4m.ch\\\/en\\\/it-support-computer-troubleshooting-geneva\\\/#breadcrumb\"},\"inLanguage\":\"en-US\",\"potentialAction\":[{\"@type\":\"ReadAction\",\"target\":[\"https:\\\/\\\/i4m.ch\\\/en\\\/it-support-computer-troubleshooting-geneva\\\/\"]}]},{\"@type\":\"BreadcrumbList\",\"@id\":\"https:\\\/\\\/i4m.ch\\\/en\\\/it-support-computer-troubleshooting-geneva\\\/#breadcrumb\",\"itemListElement\":[{\"@type\":\"ListItem\",\"position\":1,\"name\":\"Accueil\",\"item\":\"https:\\\/\\\/i4m.ch\\\/en\\\/\"},{\"@type\":\"ListItem\",\"position\":2,\"name\":\"Computer Troubleshooting\"}]},{\"@type\":\"WebSite\",\"@id\":\"https:\\\/\\\/i4m.ch\\\/en\\\/#website\",\"url\":\"https:\\\/\\\/i4m.ch\\\/en\\\/\",\"name\":\"i4m Services Informatiques S\u00e0rl\",\"description\":\"Le site web de la meilleure entreprise informatique \u00e0 Gen\u00e8ve, Suisse\",\"publisher\":{\"@id\":\"https:\\\/\\\/i4m.ch\\\/en\\\/#organization\"},\"alternateName\":\"Entreprise d'informatique \u00e0 Gen\u00e8ve\",\"potentialAction\":[{\"@type\":\"SearchAction\",\"target\":{\"@type\":\"EntryPoint\",\"urlTemplate\":\"https:\\\/\\\/i4m.ch\\\/en\\\/?s={search_term_string}\"},\"query-input\":{\"@type\":\"PropertyValueSpecification\",\"valueRequired\":true,\"valueName\":\"search_term_string\"}}],\"inLanguage\":\"en-US\"},{\"@type\":[\"Organization\",\"Place\",\"ProfessionalService\"],\"@id\":\"https:\\\/\\\/i4m.ch\\\/en\\\/#organization\",\"name\":\"i4m Services Informatiques S\u00e0rl\",\"alternateName\":\"i4M S\u00e0rl\",\"url\":\"https:\\\/\\\/i4m.ch\\\/en\\\/\",\"logo\":{\"@id\":\"https:\\\/\\\/i4m.ch\\\/en\\\/it-support-computer-troubleshooting-geneva\\\/#local-main-organization-logo\"},\"image\":{\"@id\":\"https:\\\/\\\/i4m.ch\\\/en\\\/it-support-computer-troubleshooting-geneva\\\/#local-main-organization-logo\"},\"sameAs\":[\"https:\\\/\\\/www.linkedin.com\\\/company\\\/i4m-gve\\\/\"],\"description\":\"i4m IT Services specialises in providing complete IT solutions for small and medium-sized businesses. With a focus on innovation and excellence, we offer a wide range of services including technical support, hardware and software maintenance, network management, IT security consultancy and cloud solutions. Our team of highly skilled professionals is committed to ensuring that your technology infrastructure runs optimally and securely. We understand the importance of technology in the growth and efficiency of your business, which is why we strive to provide a personalised service tailored to your specific needs. At i4m IT Services, we are committed to providing fast and efficient support, helping you to resolve any technical issues as quickly as possible. Our aim is to become your trusted technology partner, ensuring that you can focus on what you do best: running and growing your business. Find out how i4m IT Services can transform your technology experience and take your business to new heights. Translated with DeepL.com (free version)\",\"legalName\":\"i4M Services Informatiques Sarl\",\"foundingDate\":\"2019-01-12\",\"numberOfEmployees\":{\"@type\":\"QuantitativeValue\",\"minValue\":\"1\",\"maxValue\":\"10\"},\"address\":{\"@id\":\"https:\\\/\\\/i4m.ch\\\/en\\\/it-support-computer-troubleshooting-geneva\\\/#local-main-place-address\"},\"geo\":{\"@type\":\"GeoCoordinates\",\"latitude\":\"46.2041395\",\"longitude\":\"6.144861199999999\"},\"telephone\":[\"0224368681\",\"0798481010\"],\"contactPoint\":{\"@type\":\"ContactPoint\",\"telephone\":\"0224368681\",\"email\":\"info@i4m.ch\"},\"openingHoursSpecification\":[{\"@type\":\"OpeningHoursSpecification\",\"dayOfWeek\":[\"Monday\",\"Tuesday\",\"Wednesday\",\"Thursday\",\"Friday\"],\"opens\":\"08:30\",\"closes\":\"19:00\"},{\"@type\":\"OpeningHoursSpecification\",\"dayOfWeek\":[\"Saturday\",\"Sunday\"],\"opens\":\"00:00\",\"closes\":\"00:00\"}],\"email\":\"mp@depannageinformatique.ch\",\"faxNumber\":\"i4M Services Informatiques S\u00e0rl\",\"areaServed\":\"Canton de Gen\u00e8ve\",\"vatID\":\"CHE-325.495.659\",\"priceRange\":\"$$\",\"currenciesAccepted\":\"Swiss Franc\",\"paymentAccepted\":\"Twint, Credit Card, Bill, Cash\"},{\"@type\":\"PostalAddress\",\"@id\":\"https:\\\/\\\/i4m.ch\\\/en\\\/it-support-computer-troubleshooting-geneva\\\/#local-main-place-address\",\"streetAddress\":\"Rue du Commerce 4\",\"addressLocality\":\"Gen\u00e8ve\",\"postalCode\":\"1204\",\"addressCountry\":\"CH\"},{\"@type\":\"ImageObject\",\"inLanguage\":\"en-US\",\"@id\":\"https:\\\/\\\/i4m.ch\\\/en\\\/it-support-computer-troubleshooting-geneva\\\/#local-main-organization-logo\",\"url\":\"https:\\\/\\\/i4m.ch\\\/wp-content\\\/uploads\\\/2024\\\/08\\\/logo.png\",\"contentUrl\":\"https:\\\/\\\/i4m.ch\\\/wp-content\\\/uploads\\\/2024\\\/08\\\/logo.png\",\"width\":1000,\"height\":288,\"caption\":\"i4m Services Informatiques S\u00e0rl\"}]}<\/script>\n<meta name=\"geo.placename\" content=\"Gen\u00e8ve\" \/>\n<meta name=\"geo.position\" content=\"46.2041395;6.144861199999999\" \/>\n<meta name=\"geo.region\" content=\"Switzerland\" \/>\n<!-- \/ Yoast SEO Premium plugin. -->","yoast_head_json":{"title":"The Best Computer Troubleshooting and IT Support Company","description":"Do you need help with IT troubleshooting? Our IT support experts in Geneva will identify and solve the most common problems quickly and efficiently!","robots":{"index":"index","follow":"follow","max-snippet":"max-snippet:-1","max-image-preview":"max-image-preview:large","max-video-preview":"max-video-preview:-1"},"canonical":"https:\/\/i4m.ch\/en\/it-support-computer-troubleshooting-geneva\/","og_locale":"en_US","og_type":"article","og_title":"Computer Troubleshooting","og_description":"Do you need help with IT troubleshooting? Our IT support experts in Geneva will identify and solve the most common problems quickly and efficiently!","og_url":"https:\/\/i4m.ch\/en\/it-support-computer-troubleshooting-geneva\/","og_site_name":"i4m Services Informatiques S\u00e0rl","article_modified_time":"2024-08-01T18:18:40+00:00","og_image":[{"width":1568,"height":882,"url":"https:\/\/i4m.ch\/wp-content\/uploads\/2024\/08\/Support-Services-Informatiques-pour-PME-a-Geneve-1.webp","type":"image\/webp"}],"twitter_card":"summary_large_image","schema":{"@context":"https:\/\/schema.org","@graph":[{"@type":"WebPage","@id":"https:\/\/i4m.ch\/en\/it-support-computer-troubleshooting-geneva\/","url":"https:\/\/i4m.ch\/en\/it-support-computer-troubleshooting-geneva\/","name":"The Best Computer Troubleshooting and IT Support Company","isPartOf":{"@id":"https:\/\/i4m.ch\/en\/#website"},"datePublished":"2022-01-19T14:28:03+00:00","dateModified":"2024-08-01T18:18:40+00:00","description":"Do you need help with IT troubleshooting? Our IT support experts in Geneva will identify and solve the most common problems quickly and efficiently!","breadcrumb":{"@id":"https:\/\/i4m.ch\/en\/it-support-computer-troubleshooting-geneva\/#breadcrumb"},"inLanguage":"en-US","potentialAction":[{"@type":"ReadAction","target":["https:\/\/i4m.ch\/en\/it-support-computer-troubleshooting-geneva\/"]}]},{"@type":"BreadcrumbList","@id":"https:\/\/i4m.ch\/en\/it-support-computer-troubleshooting-geneva\/#breadcrumb","itemListElement":[{"@type":"ListItem","position":1,"name":"Accueil","item":"https:\/\/i4m.ch\/en\/"},{"@type":"ListItem","position":2,"name":"Computer Troubleshooting"}]},{"@type":"WebSite","@id":"https:\/\/i4m.ch\/en\/#website","url":"https:\/\/i4m.ch\/en\/","name":"i4m Services Informatiques S\u00e0rl","description":"Le site web de la meilleure entreprise informatique \u00e0 Gen\u00e8ve, Suisse","publisher":{"@id":"https:\/\/i4m.ch\/en\/#organization"},"alternateName":"Entreprise d'informatique \u00e0 Gen\u00e8ve","potentialAction":[{"@type":"SearchAction","target":{"@type":"EntryPoint","urlTemplate":"https:\/\/i4m.ch\/en\/?s={search_term_string}"},"query-input":{"@type":"PropertyValueSpecification","valueRequired":true,"valueName":"search_term_string"}}],"inLanguage":"en-US"},{"@type":["Organization","Place","ProfessionalService"],"@id":"https:\/\/i4m.ch\/en\/#organization","name":"i4m Services Informatiques S\u00e0rl","alternateName":"i4M S\u00e0rl","url":"https:\/\/i4m.ch\/en\/","logo":{"@id":"https:\/\/i4m.ch\/en\/it-support-computer-troubleshooting-geneva\/#local-main-organization-logo"},"image":{"@id":"https:\/\/i4m.ch\/en\/it-support-computer-troubleshooting-geneva\/#local-main-organization-logo"},"sameAs":["https:\/\/www.linkedin.com\/company\/i4m-gve\/"],"description":"i4m IT Services specialises in providing complete IT solutions for small and medium-sized businesses. With a focus on innovation and excellence, we offer a wide range of services including technical support, hardware and software maintenance, network management, IT security consultancy and cloud solutions. Our team of highly skilled professionals is committed to ensuring that your technology infrastructure runs optimally and securely. We understand the importance of technology in the growth and efficiency of your business, which is why we strive to provide a personalised service tailored to your specific needs. At i4m IT Services, we are committed to providing fast and efficient support, helping you to resolve any technical issues as quickly as possible. Our aim is to become your trusted technology partner, ensuring that you can focus on what you do best: running and growing your business. Find out how i4m IT Services can transform your technology experience and take your business to new heights. Translated with DeepL.com (free version)","legalName":"i4M Services Informatiques Sarl","foundingDate":"2019-01-12","numberOfEmployees":{"@type":"QuantitativeValue","minValue":"1","maxValue":"10"},"address":{"@id":"https:\/\/i4m.ch\/en\/it-support-computer-troubleshooting-geneva\/#local-main-place-address"},"geo":{"@type":"GeoCoordinates","latitude":"46.2041395","longitude":"6.144861199999999"},"telephone":["0224368681","0798481010"],"contactPoint":{"@type":"ContactPoint","telephone":"0224368681","email":"info@i4m.ch"},"openingHoursSpecification":[{"@type":"OpeningHoursSpecification","dayOfWeek":["Monday","Tuesday","Wednesday","Thursday","Friday"],"opens":"08:30","closes":"19:00"},{"@type":"OpeningHoursSpecification","dayOfWeek":["Saturday","Sunday"],"opens":"00:00","closes":"00:00"}],"email":"mp@depannageinformatique.ch","faxNumber":"i4M Services Informatiques S\u00e0rl","areaServed":"Canton de Gen\u00e8ve","vatID":"CHE-325.495.659","priceRange":"$$","currenciesAccepted":"Swiss Franc","paymentAccepted":"Twint, Credit Card, Bill, Cash"},{"@type":"PostalAddress","@id":"https:\/\/i4m.ch\/en\/it-support-computer-troubleshooting-geneva\/#local-main-place-address","streetAddress":"Rue du Commerce 4","addressLocality":"Gen\u00e8ve","postalCode":"1204","addressCountry":"CH"},{"@type":"ImageObject","inLanguage":"en-US","@id":"https:\/\/i4m.ch\/en\/it-support-computer-troubleshooting-geneva\/#local-main-organization-logo","url":"https:\/\/i4m.ch\/wp-content\/uploads\/2024\/08\/logo.png","contentUrl":"https:\/\/i4m.ch\/wp-content\/uploads\/2024\/08\/logo.png","width":1000,"height":288,"caption":"i4m Services Informatiques S\u00e0rl"}]},"geo.placename":"Gen\u00e8ve","geo.position":{"lat":"46.2041395","long":"6.144861199999999"},"geo.region":"Switzerland"},"_links":{"self":[{"href":"https:\/\/i4m.ch\/en\/wp-json\/wp\/v2\/pages\/479","targetHints":{"allow":["GET"]}}],"collection":[{"href":"https:\/\/i4m.ch\/en\/wp-json\/wp\/v2\/pages"}],"about":[{"href":"https:\/\/i4m.ch\/en\/wp-json\/wp\/v2\/types\/page"}],"author":[{"embeddable":true,"href":"https:\/\/i4m.ch\/en\/wp-json\/wp\/v2\/users\/3"}],"replies":[{"embeddable":true,"href":"https:\/\/i4m.ch\/en\/wp-json\/wp\/v2\/comments?post=479"}],"version-history":[{"count":0,"href":"https:\/\/i4m.ch\/en\/wp-json\/wp\/v2\/pages\/479\/revisions"}],"wp:attachment":[{"href":"https:\/\/i4m.ch\/en\/wp-json\/wp\/v2\/media?parent=479"}],"curies":[{"name":"wp","href":"https:\/\/api.w.org\/{rel}","templated":true}]}}